{"id":121,"date":"2023-03-16T14:15:59","date_gmt":"2023-03-16T12:15:59","guid":{"rendered":"https:\/\/www.old.jprconsulting.fi\/old\/?page_id=121"},"modified":"2023-04-23T13:27:02","modified_gmt":"2023-04-23T11:27:02","slug":"__trashed","status":"publish","type":"page","link":"https:\/\/www.old.jprconsulting.fi\/old\/__trashed\/","title":{"rendered":"Yhteystiedot"},"content":{"rendered":"\n<div class=\"wp-block-uagb-container uagb-block-1c81e775 alignfull uagb-is-root-container\"><div class=\"uagb-container__video-wrap\"><video autoplay loop muted playsinline><source src=\"https:\/\/www.old.jprconsulting.fi\/old\/wp-content\/uploads\/2023\/03\/pexels-rostislav-uzunov-7385122-3.mp4\" type=\"video\/mp4\"\/><\/video><\/div><div class=\"uagb-container-inner-blocks-wrap\">\n<div class=\"wp-block-uagb-container uagb-block-b857ee46\">\n<div class=\"wp-block-uagb-container uag-hide-desktop uag-hide-tab uagb-block-a4b8b6f9\"><\/div>\n\n\n<style>.kadence-form-_3e9ca9-cb .kb-form .kadence-blocks-form-field{margin-bottom:10px;}.kadence-form-_3e9ca9-cb .kb-form .kadence-blocks-form-field{padding-right:5px;padding-left:5px;}.kadence-form-_3e9ca9-cb .kb-form{margin-right:-5px;margin-left:-5px;}.kadence-form-_3e9ca9-cb .kb-form .kadence-blocks-form-field label .required{color:var(--ast-global-color-4);}.kadence-form-_3e9ca9-cb .kb-form .kadence-blocks-form-field .kb-text-style-field, .kadence-form-_3e9ca9-cb .kb-form .kadence-blocks-form-field .kb-select-style-field{color:var(--ast-global-color-2);border-radius:15px;font-size:var(--global-kb-font-size-md, 1.25rem);background:rgba(255, 255, 255, 0.86);}.kadence-form-_3e9ca9-cb .kb-form .kadence-blocks-form-field > label{color:var(--ast-global-color-5);font-size:var(--global-kb-font-size-md, 1.25rem);font-weight:400;}.kadence-form-_3e9ca9-cb .kb-form .kadence-blocks-form-field .kb-forms-submit{border-radius:20px;background:rgba(4, 107, 210, 0.58);}.kadence-form-_3e9ca9-cb .kb-form .kadence-blocks-form-field .kb-forms-submit{font-size:var(--global-kb-font-size-md, 1.25rem);}.kadence-form-_3e9ca9-cb .kadence-blocks-form-success{color:var(--ast-global-color-4);background:var(--ast-global-color-1);}.kadence-form-_3e9ca9-cb .kadence-blocks-form-message, .kadence-form-_3e9ca9-cb .kb-form-error-msg{font-size:var(--global-kb-font-size-md, 1.25rem);font-weight:inherit;}.kb-form input.kadence-blocks-field.verify{opacity:0.0;position:absolute;top:0.0;left:0.0;width:0.0;height:0.0;z-index:-1;}<\/style>\n<div class=\"wp-block-kadence-form kadence-form-_3e9ca9-cb kb-form-wrap\"><form class=\"kb-form\" action=\"\" method=\"post\" data-error-message=\"Lomakkeessa on puutteitatai virheit\u00e4, tarkastatko viestilomakkeen sis\u00e4ll\u00f6n.\"><div class=\"kadence-blocks-form-field kb-field-desk-width-100 kb-input-size-small\"><label for=\"kb_field__3e9ca9-cb_0\">Nimi<span class=\"required\">*<\/span><\/label><input name=\"kb_field_0\" id=\"kb_field__3e9ca9-cb_0\" data-label=\"Nimi\" type=\"text\" placeholder=\"\" value=\"\" data-type=\"text\" class=\"kb-field kb-text-style-field kb-text-field kb-field-0\" data-required=\"yes\"\/><\/div><div class=\"kadence-blocks-form-field kb-form-field-1 kb-field-desk-width-100 kb-input-size-small\"><label for=\"kb_field__3e9ca9-cb_1\">S\u00e4hk\u00f6postiosoitteeni on<span class=\"required\">*<\/span><\/label><input name=\"kb_field_1\" id=\"kb_field__3e9ca9-cb_1\" data-label=\"S\u00e4hk\u00f6postiosoitteeni on\" type=\"email\" placeholder=\"\" value=\"\" data-type=\"email\" class=\"kb-field kb-text-style-field kb-email-field kb-field-1\" data-required=\"yes\"\/><\/div><div class=\"kadence-blocks-form-field kb-form-field-2 kb-field-desk-width-100 kb-input-size-small\"><label for=\"kb_field__3e9ca9-cb_2\">Puhelinnumeroni on<span class=\"required\">*<\/span><\/label><input name=\"kb_field_2\" id=\"kb_field__3e9ca9-cb_2\" data-label=\"Puhelinnumeroni on\" type=\"tel\" placeholder=\"\" value=\"\" data-type=\"tel\" class=\"kb-field kb-text-style-field kb-tel-field kb-field-2\" data-required=\"yes\"\/><\/div><div class=\"kadence-blocks-form-field kb-form-field-3 kb-field-desk-width-100 kb-input-size-small\"><label for=\"kb_field__3e9ca9-cb_3\">Yhteydenottotapa<span class=\"required\">*<\/span><\/label><div data-type=\"radio\" data-label=\"Yhteydenottotapa\" id=\"kb_field__3e9ca9-cb_3\" class=\"kb-field kb-radio-style-field kb-radio-field kb-field-3 kb-radio-style-inline\" data-required=\"yes\"><div data-type=\"radio\" class=\"kb-radio-item kb-radio-item-0\"><input type=\"radio\" name=\"kb_field_3[]\" id=\"kb_field_3_0\" class=\"kb-sub-field kb-radio-style\" value=\"S\u00e4hk\u00f6postilla\"\/><label for=\"kb_field_3_0\">S\u00e4hk\u00f6postilla<\/label><\/div><div data-type=\"radio\" class=\"kb-radio-item kb-radio-item-1\"><input type=\"radio\" name=\"kb_field_3[]\" id=\"kb_field_3_1\" class=\"kb-sub-field kb-radio-style\" value=\"Soittopyynt\u00f6\"\/><label for=\"kb_field_3_1\">Soittopyynt\u00f6<\/label><\/div><\/div><\/div><div class=\"kadence-blocks-form-field kb-form-field-4 kb-field-desk-width-100 kb-input-size-small\"><label for=\"kb_field__3e9ca9-cb_4\">Viesti<span class=\"required\">*<\/span><\/label><textarea name=\"kb_field_4\" id=\"kb_field__3e9ca9-cb_4\" data-label=\"Viesti\" type=\"textarea\" placeholder=\"\" data-type=\"textarea\" class=\"kb-field kb-text-style-field kb-textarea-field kb-field-4\" rows=\"3\" data-required=\"yes\" data-required-message=\"T\u00e4ydenn\u00e4tk\u00f6 viestikent\u00e4n.\">Hei, oletko yhteydess\u00e4&#8230;<\/textarea><\/div><input type=\"hidden\" name=\"_kb_form_id\" value=\"_3e9ca9-cb\"\/><input type=\"hidden\" name=\"_kb_form_post_id\" value=\"121\"\/><input type=\"hidden\" name=\"action\" value=\"kb_process_ajax_submit\"\/><div class=\"kadence-blocks-form-field google-recaptcha-checkout-wrap\"><p id=\"kb-container-g-recaptcha\" class=\"google-recaptcha-container\"><span id=\"kb_recaptcha__3e9ca9-cb\" class=\"kadence-blocks-g-recaptcha-v2 g-recaptcha kb_recaptcha__3e9ca9-cb\" style=\"display:inline-block\"><\/span><\/p><\/div><label class=\"kadence-verify-label\">Email<input class=\"kadence-blocks-field verify\" type=\"text\" name=\"_kb_verify_email\" autocomplete=\"new-password\" aria-hidden=\"true\" placeholder=\"Email\" tabindex=\"-1\" data-1p-ignore=\"true\" data-lpignore=\"true\" \/><\/label><div class=\"kadence-blocks-form-field kb-submit-field kb-field-desk-width-100\"><button class=\"kb-forms-submit button kb-button-size-standard kb-button-width-auto\">L\u00e4het\u00e4 viesti<\/button><\/div><\/form><\/div>\n<noscript><div class=\"kadence-blocks-form-message kadence-blocks-form-warning\">Please enable JavaScript in your browser to submit the form<\/div><style>.kadence-form-_3e9ca9-cb .kadence-blocks-form-field.kb-submit-field { display: none; }<\/style><\/noscript><\/div>\n\n\n\n<div class=\"wp-block-uagb-container uagb-block-3c475dde\">\n<figure class=\"wp-block-image alignright size-medium is-resized\" id=\"VCard\"><img loading=\"lazy\" decoding=\"async\" src=\"https:\/\/www.old.jprconsulting.fi\/old\/wp-content\/uploads\/2023\/03\/JPR-vcard-300x300.png\" alt=\"vCard Juha-Pekka Rasi\" class=\"wp-image-566\" width=\"300\" height=\"300\" title=\"vCard Juha-Pekka Rasi\" srcset=\"https:\/\/www.old.jprconsulting.fi\/old\/wp-content\/uploads\/2023\/03\/JPR-vcard-300x300.png 300w, https:\/\/www.old.jprconsulting.fi\/old\/wp-content\/uploads\/2023\/03\/JPR-vcard-1024x1024.png 1024w, https:\/\/www.old.jprconsulting.fi\/old\/wp-content\/uploads\/2023\/03\/JPR-vcard-150x150.png 150w, https:\/\/www.old.jprconsulting.fi\/old\/wp-content\/uploads\/2023\/03\/JPR-vcard-768x768.png 768w, https:\/\/www.old.jprconsulting.fi\/old\/wp-content\/uploads\/2023\/03\/JPR-vcard-1536x1536.png 1536w, https:\/\/www.old.jprconsulting.fi\/old\/wp-content\/uploads\/2023\/03\/JPR-vcard-2048x2048.png 2048w\" sizes=\"auto, (max-width: 300px) 100vw, 300px\" \/><\/figure>\n\n\n\n<p class=\"has-text-align-center has-ast-global-color-4-color has-text-color has-medium-font-size\" style=\"margin-top:0px\"><strong>vCard Juha-Pekka Rasi<\/strong><\/p>\n<\/div>\n<\/div><\/div>\n","protected":false},"excerpt":{"rendered":"<p>vCard Juha-Pekka Rasi<\/p>\n","protected":false},"author":1,"featured_media":0,"parent":0,"menu_order":0,"comment_status":"closed","ping_status":"closed","template":"","meta":{"_uag_custom_page_level_css":"","site-sidebar-layout":"default","site-content-layout":"","ast-site-content-layout":"default","site-content-style":"default","site-sidebar-style":"default","ast-global-header-display":"","ast-banner-title-visibility":"","ast-main-header-display":"","ast-hfb-above-header-display":"","ast-hfb-below-header-display":"","ast-hfb-mobile-header-display":"","site-post-title":"disabled","ast-breadcrumbs-content":"","ast-featured-img":"","footer-sml-layout":"","ast-disable-related-posts":"","theme-transparent-header-meta":"","adv-header-id-meta":"","stick-header-meta":"","header-above-stick-meta":"","header-main-stick-meta":"","header-below-stick-meta":"","astra-migrate-meta-layouts":"default","ast-page-background-enabled":"default","ast-page-background-meta":{"desktop":{"background-color":"var(--ast-global-color-4)","background-image":"","background-repeat":"repeat","background-position":"center center","background-size":"auto","background-attachment":"scroll","background-type":"","background-media":"","overlay-type":"","overlay-color":"","overlay-opacity":"","overlay-gradient":""},"tablet":{"background-color":"","background-image":"","background-repeat":"repeat","background-position":"center center","background-size":"auto","background-attachment":"scroll","background-type":"","background-media":"","overlay-type":"","overlay-color":"","overlay-opacity":"","overlay-gradient":""},"mobile":{"background-color":"","background-image":"","background-repeat":"repeat","background-position":"center center","background-size":"auto","background-attachment":"scroll","background-type":"","background-media":"","overlay-type":"","overlay-color":"","overlay-opacity":"","overlay-gradient":""}},"ast-content-background-meta":{"desktop":{"background-color":"var(--ast-global-color-5)","background-image":"","background-repeat":"repeat","background-position":"center center","background-size":"auto","background-attachment":"scroll","background-type":"","background-media":"","overlay-type":"","overlay-color":"","overlay-opacity":"","overlay-gradient":""},"tablet":{"background-color":"var(--ast-global-color-5)","background-image":"","background-repeat":"repeat","background-position":"center center","background-size":"auto","background-attachment":"scroll","background-type":"","background-media":"","overlay-type":"","overlay-color":"","overlay-opacity":"","overlay-gradient":""},"mobile":{"background-color":"var(--ast-global-color-5)","background-image":"","background-repeat":"repeat","background-position":"center center","background-size":"auto","background-attachment":"scroll","background-type":"","background-media":"","overlay-type":"","overlay-color":"","overlay-opacity":"","overlay-gradient":""}},"footnotes":""},"class_list":["post-121","page","type-page","status-publish","hentry"],"uagb_featured_image_src":{"full":false,"thumbnail":false,"medium":false,"medium_large":false,"large":false,"1536x1536":false,"2048x2048":false},"uagb_author_info":{"display_name":"admin","author_link":"https:\/\/www.old.jprconsulting.fi\/old\/author\/admin\/"},"uagb_comment_info":0,"uagb_excerpt":"vCard Juha-Pekka Rasi","_links":{"self":[{"href":"https:\/\/www.old.jprconsulting.fi\/old\/wp-json\/wp\/v2\/pages\/121","targetHints":{"allow":["GET"]}}],"collection":[{"href":"https:\/\/www.old.jprconsulting.fi\/old\/wp-json\/wp\/v2\/pages"}],"about":[{"href":"https:\/\/www.old.jprconsulting.fi\/old\/wp-json\/wp\/v2\/types\/page"}],"author":[{"embeddable":true,"href":"https:\/\/www.old.jprconsulting.fi\/old\/wp-json\/wp\/v2\/users\/1"}],"replies":[{"embeddable":true,"href":"https:\/\/www.old.jprconsulting.fi\/old\/wp-json\/wp\/v2\/comments?post=121"}],"version-history":[{"count":25,"href":"https:\/\/www.old.jprconsulting.fi\/old\/wp-json\/wp\/v2\/pages\/121\/revisions"}],"predecessor-version":[{"id":1044,"href":"https:\/\/www.old.jprconsulting.fi\/old\/wp-json\/wp\/v2\/pages\/121\/revisions\/1044"}],"wp:attachment":[{"href":"https:\/\/www.old.jprconsulting.fi\/old\/wp-json\/wp\/v2\/media?parent=121"}],"curies":[{"name":"wp","href":"https:\/\/api.w.org\/{rel}","templated":true}]}}