{"id":127,"date":"2023-03-06T12:30:30","date_gmt":"2023-03-06T10:30:30","guid":{"rendered":"https:\/\/www.old.jprconsulting.fi\/old\/?page_id=127"},"modified":"2023-04-21T17:23:20","modified_gmt":"2023-04-21T15:23:20","slug":"otteita-liiketoimintasuunnitelmasta","status":"publish","type":"page","link":"https:\/\/www.old.jprconsulting.fi\/old\/otteita-liiketoimintasuunnitelmasta\/","title":{"rendered":"Otteita liiketoiminta-suunnitelmasta"},"content":{"rendered":"\n<div class=\"wp-block-uagb-container uagb-block-a47c2d56 alignfull uagb-is-root-container\"><div class=\"uagb-container-inner-blocks-wrap\">\n<div class=\"wp-block-uagb-container uagb-block-a1b602d7\"><\/div>\n\n\n\n<div class=\"wp-block-uagb-container uagb-block-dbe8ae30\">\n<p class=\"has-text-align-center has-ast-global-color-5-color has-ast-global-color-3-background-color has-text-color has-background has-medium-font-size\" style=\"line-height:2.5\">JPR Consulting Oy on yritt\u00e4j\u00e4vetoinen asiakkaan edunvalvoja, sparraaja sek\u00e4 liiketoiminnan kehitt\u00e4j\u00e4. Yritys uskoo yksil\u00f6iden henkil\u00f6kohtaiseen kehittymiseen, haasteellisiin teht\u00e4viin jotka auttavat yksil\u00f6iden kehittymisess\u00e4, ty\u00f6voittoihin saavutettujen tavoitteiden kautta sek\u00e4 yhteisty\u00f6h\u00f6n asiakkaiden sek\u00e4 yhteisty\u00f6kumppaneiden kanssa.  Projektiluonteisuus mahdollistaa oikean orkesterin l\u00f6yt\u00e4misen projektin tavoitteen saavuttamiseksi.<\/p>\n<\/div>\n\n\n\n<div class=\"wp-block-uagb-container uagb-block-ec24df5b\">\n<p class=\"has-ast-global-color-5-color has-ast-global-color-3-background-color has-text-color has-background has-medium-font-size\" style=\"line-height:2.5\">JPR Consulting Oy:n ydinosaaminen liittyy sen ty\u00f6ntekij\u00f6iden ja yhteisty\u00f6kumppanei-den osaamiseen. Yritys on perustettu t\u00e4m\u00e4n ydinosaamisen kaupallistamiseen.<\/p>\n<\/div>\n\n\n\n<div class=\"wp-block-uagb-container uagb-block-23fe0663\">\n<p class=\"has-ast-global-color-5-color has-ast-global-color-3-background-color has-text-color has-background has-medium-font-size\" style=\"line-height:2.5\">Yrityksen tarjoama lis\u00e4arvo syntyy asiakkaiden liiketoiminnan projektiluonteisen kehitt\u00e4misen kautta. Liiketoiminnan kehitt\u00e4minen keskittyy projektien l\u00e4piviennin toteuttamiseen, kouluttamiseen sek\u00e4 projektitoiminnan kehitt\u00e4miseen. <br>Lis\u00e4ksi tuemme asiakkaidemme kansainv\u00e4listymisprojekteja.<\/p>\n<\/div>\n\n\n\n<div class=\"wp-block-uagb-container uagb-block-854df4e3\">\n<p class=\"has-ast-global-color-5-color has-ast-global-color-3-background-color has-text-color has-background has-medium-font-size\" style=\"line-height:2.5\">Yrityksen tarjoamia palveluita ovat muun muassa projektinjohtopalvelut, projektiselvitykset sek\u00e4 kohdemarkkina-analyysit. Asiakkaalle tuotettava lis\u00e4arvo koostuu erikoisosaamisesta, jota on syntynyt ty\u00f6kokemuksen, opiskelun sek\u00e4 kielitaidon ja kulttuurituntemuksen kautta.<\/p>\n<\/div>\n<\/div><\/div>\n\n\n\n<div class=\"wp-block-uagb-container uagb-block-f6beabe2 alignfull uagb-is-root-container\"><div class=\"uagb-container-inner-blocks-wrap\">\n<figure class=\"wp-block-image aligncenter size-large is-style-default\"><img loading=\"lazy\" decoding=\"async\" width=\"1024\" height=\"768\" src=\"https:\/\/www.old.jprconsulting.fi\/old\/wp-content\/uploads\/2023\/03\/project-management-g2417434bf_1280-1024x768.jpg\" alt=\"\" class=\"wp-image-226\" srcset=\"https:\/\/www.old.jprconsulting.fi\/old\/wp-content\/uploads\/2023\/03\/project-management-g2417434bf_1280-1024x768.jpg 1024w, https:\/\/www.old.jprconsulting.fi\/old\/wp-content\/uploads\/2023\/03\/project-management-g2417434bf_1280-300x225.jpg 300w, https:\/\/www.old.jprconsulting.fi\/old\/wp-content\/uploads\/2023\/03\/project-management-g2417434bf_1280-768x576.jpg 768w, https:\/\/www.old.jprconsulting.fi\/old\/wp-content\/uploads\/2023\/03\/project-management-g2417434bf_1280.jpg 1280w\" sizes=\"auto, (max-width: 1024px) 100vw, 1024px\" \/><\/figure>\n<\/div><\/div>\n","protected":false},"excerpt":{"rendered":"<p>JPR Consulting Oy on yritt\u00e4j\u00e4vetoinen asiakkaan edunvalvoja, sparraaja sek\u00e4 liiketoiminnan kehitt\u00e4j\u00e4. Yritys uskoo yksil\u00f6iden henkil\u00f6kohtaiseen kehittymiseen, haasteellisiin teht\u00e4viin jotka auttavat yksil\u00f6iden kehittymisess\u00e4, ty\u00f6voittoihin saavutettujen tavoitteiden kautta sek\u00e4 yhteisty\u00f6h\u00f6n asiakkaiden sek\u00e4 yhteisty\u00f6kumppaneiden kanssa. Projektiluonteisuus mahdollistaa oikean orkesterin l\u00f6yt\u00e4misen projektin tavoitteen saavuttamiseksi. JPR Consulting Oy:n ydinosaaminen liittyy sen ty\u00f6ntekij\u00f6iden ja yhteisty\u00f6kumppanei-den osaamiseen. Yritys on perustettu t\u00e4m\u00e4n ydinosaamisen [&hellip;]<\/p>\n","protected":false},"author":1,"featured_media":0,"parent":0,"menu_order":0,"comment_status":"closed","ping_status":"closed","template":"","meta":{"_uag_custom_page_level_css":"","site-sidebar-layout":"default","site-content-layout":"","ast-site-content-layout":"default","site-content-style":"default","site-sidebar-style":"default","ast-global-header-display":"","ast-banner-title-visibility":"","ast-main-header-display":"","ast-hfb-above-header-display":"","ast-hfb-below-header-display":"","ast-hfb-mobile-header-display":"","site-post-title":"disabled","ast-breadcrumbs-content":"","ast-featured-img":"","footer-sml-layout":"","ast-disable-related-posts":"","theme-transparent-header-meta":"","adv-header-id-meta":"","stick-header-meta":"","header-above-stick-meta":"","header-main-stick-meta":"","header-below-stick-meta":"","astra-migrate-meta-layouts":"default","ast-page-background-enabled":"default","ast-page-background-meta":{"desktop":{"background-color":"var(--ast-global-color-4)","background-image":"","background-repeat":"repeat","background-position":"center center","background-size":"auto","background-attachment":"scroll","background-type":"","background-media":"","overlay-type":"","overlay-color":"","overlay-opacity":"","overlay-gradient":""},"tablet":{"background-color":"","background-image":"","background-repeat":"repeat","background-position":"center center","background-size":"auto","background-attachment":"scroll","background-type":"","background-media":"","overlay-type":"","overlay-color":"","overlay-opacity":"","overlay-gradient":""},"mobile":{"background-color":"","background-image":"","background-repeat":"repeat","background-position":"center center","background-size":"auto","background-attachment":"scroll","background-type":"","background-media":"","overlay-type":"","overlay-color":"","overlay-opacity":"","overlay-gradient":""}},"ast-content-background-meta":{"desktop":{"background-color":"var(--ast-global-color-5)","background-image":"","background-repeat":"repeat","background-position":"center center","background-size":"auto","background-attachment":"scroll","background-type":"","background-media":"","overlay-type":"","overlay-color":"","overlay-opacity":"","overlay-gradient":""},"tablet":{"background-color":"var(--ast-global-color-5)","background-image":"","background-repeat":"repeat","background-position":"center center","background-size":"auto","background-attachment":"scroll","background-type":"","background-media":"","overlay-type":"","overlay-color":"","overlay-opacity":"","overlay-gradient":""},"mobile":{"background-color":"var(--ast-global-color-5)","background-image":"","background-repeat":"repeat","background-position":"center center","background-size":"auto","background-attachment":"scroll","background-type":"","background-media":"","overlay-type":"","overlay-color":"","overlay-opacity":"","overlay-gradient":""}},"footnotes":""},"class_list":["post-127","page","type-page","status-publish","hentry"],"uagb_featured_image_src":{"full":false,"thumbnail":false,"medium":false,"medium_large":false,"large":false,"1536x1536":false,"2048x2048":false},"uagb_author_info":{"display_name":"admin","author_link":"https:\/\/www.old.jprconsulting.fi\/old\/author\/admin\/"},"uagb_comment_info":0,"uagb_excerpt":"JPR Consulting Oy on yritt\u00e4j\u00e4vetoinen asiakkaan edunvalvoja, sparraaja sek\u00e4 liiketoiminnan kehitt\u00e4j\u00e4. Yritys uskoo yksil\u00f6iden henkil\u00f6kohtaiseen kehittymiseen, haasteellisiin teht\u00e4viin jotka auttavat yksil\u00f6iden kehittymisess\u00e4, ty\u00f6voittoihin saavutettujen tavoitteiden kautta sek\u00e4 yhteisty\u00f6h\u00f6n asiakkaiden sek\u00e4 yhteisty\u00f6kumppaneiden kanssa. Projektiluonteisuus mahdollistaa oikean orkesterin l\u00f6yt\u00e4misen projektin tavoitteen saavuttamiseksi. JPR Consulting Oy:n ydinosaaminen liittyy sen ty\u00f6ntekij\u00f6iden ja yhteisty\u00f6kumppanei-den osaamiseen. Yritys on perustettu t\u00e4m\u00e4n ydinosaamisen&hellip;","_links":{"self":[{"href":"https:\/\/www.old.jprconsulting.fi\/old\/wp-json\/wp\/v2\/pages\/127","targetHints":{"allow":["GET"]}}],"collection":[{"href":"https:\/\/www.old.jprconsulting.fi\/old\/wp-json\/wp\/v2\/pages"}],"about":[{"href":"https:\/\/www.old.jprconsulting.fi\/old\/wp-json\/wp\/v2\/types\/page"}],"author":[{"embeddable":true,"href":"https:\/\/www.old.jprconsulting.fi\/old\/wp-json\/wp\/v2\/users\/1"}],"replies":[{"embeddable":true,"href":"https:\/\/www.old.jprconsulting.fi\/old\/wp-json\/wp\/v2\/comments?post=127"}],"version-history":[{"count":35,"href":"https:\/\/www.old.jprconsulting.fi\/old\/wp-json\/wp\/v2\/pages\/127\/revisions"}],"predecessor-version":[{"id":951,"href":"https:\/\/www.old.jprconsulting.fi\/old\/wp-json\/wp\/v2\/pages\/127\/revisions\/951"}],"wp:attachment":[{"href":"https:\/\/www.old.jprconsulting.fi\/old\/wp-json\/wp\/v2\/media?parent=127"}],"curies":[{"name":"wp","href":"https:\/\/api.w.org\/{rel}","templated":true}]}}