{"id":733,"date":"2023-04-19T13:54:46","date_gmt":"2023-04-19T11:54:46","guid":{"rendered":"https:\/\/www.old.jprconsulting.fi\/old\/?page_id=733"},"modified":"2023-04-23T17:10:47","modified_gmt":"2023-04-23T15:10:47","slug":"visio-projektista-3","status":"publish","type":"page","link":"https:\/\/www.old.jprconsulting.fi\/old\/visio-projektista-3\/","title":{"rendered":"Visio projektista Poikkeama"},"content":{"rendered":"\n<div class=\"wp-block-uagb-container uagb-block-5e30893c alignfull uagb-is-root-container\"><div class=\"uagb-container-inner-blocks-wrap\"><\/div><\/div>\n\n\n\n<div class=\"inherit-container-width wp-block-group alignfull has-ast-global-color-2-color has-ast-global-color-5-background-color has-text-color has-background is-layout-constrained wp-block-group-is-layout-constrained\">\n<div class=\"wp-block-columns alignwide are-vertically-aligned-top is-layout-flex wp-container-core-columns-is-layout-1 wp-block-columns-is-layout-flex\">\n<div class=\"wp-block-column is-vertically-aligned-top has-ast-global-color-2-color has-text-color is-layout-flow wp-block-column-is-layout-flow\" style=\"flex-basis:33.33%\">\n<h5 class=\"wp-block-heading has-ast-global-color-2-color has-text-color\"><strong>Projektin poikkeamat n\u00e4hd\u00e4\u00e4n<\/strong><\/h5>\n\n\n\n<h2 class=\"wp-block-heading has-ast-global-color-2-color has-text-color\"><strong>Visio projektista<\/strong><\/h2>\n<\/div>\n\n\n\n<div class=\"wp-block-column is-vertically-aligned-top has-ast-global-color-2-color has-text-color is-layout-flow wp-block-column-is-layout-flow\" style=\"flex-basis:66.66%\">\n<h3 class=\"wp-block-heading has-ast-global-color-3-color has-text-color\">Muutos on varmaa, muutosten hallinta kriittist\u00e4<\/h3>\n\n\n\n<p class=\"has-ast-global-color-3-color has-text-color has-medium-font-size\"><em>Onnistunut muutosten hallinta, onnistunut projekti.<\/em><\/p>\n\n\n\n<p class=\"has-ast-global-color-3-color has-text-color has-medium-font-size\" style=\"line-height:1.5\">Projektin toteutuksen aikana syntyy tilanteita joita myynti- ja suunnitteluvaiheessa ei olla osattu ennakoida tai joihin sopimus ei ota kantaa.  N\u00e4ist\u00e4 syntyneet kustannukset k\u00e4yd\u00e4\u00e4n viimeist\u00e4\u00e4n loppuneuvotteluissa l\u00e4pi. Kirjallinen sopimuslaajuuksien muutosten hallinta luo pohjan kustannusten seurannalle, kassavirran- sek\u00e4 projektikatteen hallinnalle urakoitsijan n\u00e4k\u00f6kulmasta sek\u00e4 asiakkaan puolella kustannusten kasvun hallintaan. <\/p>\n\n\n\n<p class=\"has-ast-global-color-2-color has-text-color has-medium-font-size\" style=\"line-height:1.5\">Autamme asiakkaita projektien toimituslaajuuden hallinnassa. Ennen sopimuksen allekirjoitusta voimme auttaa asiakasta sopimusluonnoksen riskien arvioinnissa. N\u00e4k\u00f6kulma ei ole juridinen, autamme huomioimaan tyypillisi\u00e4 sopimusm\u00e4\u00e4rityksi\u00e4 jotka selkeytt\u00e4v\u00e4t projektin konkreettista vastuunjakoa toteutusvaiheessa. Mit\u00e4 yksiselitteisemm\u00e4ksi sopimukset luodaan, sit\u00e4 varmemmin asiakas saa sen mit\u00e4 tilaa ja suunnittelija, urakoitsija sek\u00e4 alihankkija tiet\u00e4v\u00e4t mit\u00e4 heilt\u00e4 odotetaan. <\/p>\n<\/div>\n<\/div>\n<\/div>\n","protected":false},"excerpt":{"rendered":"<p>Projektin poikkeamat n\u00e4hd\u00e4\u00e4n Visio projektista Muutos on varmaa, muutosten hallinta kriittist\u00e4 Onnistunut muutosten hallinta, onnistunut projekti. Projektin toteutuksen aikana syntyy tilanteita joita myynti- ja suunnitteluvaiheessa ei olla osattu ennakoida tai joihin sopimus ei ota kantaa. N\u00e4ist\u00e4 syntyneet kustannukset k\u00e4yd\u00e4\u00e4n viimeist\u00e4\u00e4n loppuneuvotteluissa l\u00e4pi. Kirjallinen sopimuslaajuuksien muutosten hallinta luo pohjan kustannusten seurannalle, kassavirran- sek\u00e4 projektikatteen hallinnalle urakoitsijan [&hellip;]<\/p>\n","protected":false},"author":1,"featured_media":0,"parent":0,"menu_order":0,"comment_status":"closed","ping_status":"closed","template":"","meta":{"_uag_custom_page_level_css":"","site-sidebar-layout":"default","site-content-layout":"","ast-site-content-layout":"default","site-content-style":"default","site-sidebar-style":"default","ast-global-header-display":"","ast-banner-title-visibility":"","ast-main-header-display":"","ast-hfb-above-header-display":"","ast-hfb-below-header-display":"","ast-hfb-mobile-header-display":"","site-post-title":"disabled","ast-breadcrumbs-content":"","ast-featured-img":"","footer-sml-layout":"","ast-disable-related-posts":"","theme-transparent-header-meta":"","adv-header-id-meta":"","stick-header-meta":"","header-above-stick-meta":"","header-main-stick-meta":"","header-below-stick-meta":"","astra-migrate-meta-layouts":"default","ast-page-background-enabled":"default","ast-page-background-meta":{"desktop":{"background-color":"var(--ast-global-color-4)","background-image":"","background-repeat":"repeat","background-position":"center center","background-size":"auto","background-attachment":"scroll","background-type":"","background-media":"","overlay-type":"","overlay-color":"","overlay-opacity":"","overlay-gradient":""},"tablet":{"background-color":"","background-image":"","background-repeat":"repeat","background-position":"center center","background-size":"auto","background-attachment":"scroll","background-type":"","background-media":"","overlay-type":"","overlay-color":"","overlay-opacity":"","overlay-gradient":""},"mobile":{"background-color":"","background-image":"","background-repeat":"repeat","background-position":"center center","background-size":"auto","background-attachment":"scroll","background-type":"","background-media":"","overlay-type":"","overlay-color":"","overlay-opacity":"","overlay-gradient":""}},"ast-content-background-meta":{"desktop":{"background-color":"var(--ast-global-color-5)","background-image":"","background-repeat":"repeat","background-position":"center center","background-size":"auto","background-attachment":"scroll","background-type":"","background-media":"","overlay-type":"","overlay-color":"","overlay-opacity":"","overlay-gradient":""},"tablet":{"background-color":"var(--ast-global-color-5)","background-image":"","background-repeat":"repeat","background-position":"center center","background-size":"auto","background-attachment":"scroll","background-type":"","background-media":"","overlay-type":"","overlay-color":"","overlay-opacity":"","overlay-gradient":""},"mobile":{"background-color":"var(--ast-global-color-5)","background-image":"","background-repeat":"repeat","background-position":"center center","background-size":"auto","background-attachment":"scroll","background-type":"","background-media":"","overlay-type":"","overlay-color":"","overlay-opacity":"","overlay-gradient":""}},"footnotes":""},"class_list":["post-733","page","type-page","status-publish","hentry"],"uagb_featured_image_src":{"full":false,"thumbnail":false,"medium":false,"medium_large":false,"large":false,"1536x1536":false,"2048x2048":false},"uagb_author_info":{"display_name":"admin","author_link":"https:\/\/www.old.jprconsulting.fi\/old\/author\/admin\/"},"uagb_comment_info":0,"uagb_excerpt":"Projektin poikkeamat n\u00e4hd\u00e4\u00e4n Visio projektista Muutos on varmaa, muutosten hallinta kriittist\u00e4 Onnistunut muutosten hallinta, onnistunut projekti. Projektin toteutuksen aikana syntyy tilanteita joita myynti- ja suunnitteluvaiheessa ei olla osattu ennakoida tai joihin sopimus ei ota kantaa. N\u00e4ist\u00e4 syntyneet kustannukset k\u00e4yd\u00e4\u00e4n viimeist\u00e4\u00e4n loppuneuvotteluissa l\u00e4pi. Kirjallinen sopimuslaajuuksien muutosten hallinta luo pohjan kustannusten seurannalle, kassavirran- sek\u00e4 projektikatteen hallinnalle urakoitsijan&hellip;","_links":{"self":[{"href":"https:\/\/www.old.jprconsulting.fi\/old\/wp-json\/wp\/v2\/pages\/733","targetHints":{"allow":["GET"]}}],"collection":[{"href":"https:\/\/www.old.jprconsulting.fi\/old\/wp-json\/wp\/v2\/pages"}],"about":[{"href":"https:\/\/www.old.jprconsulting.fi\/old\/wp-json\/wp\/v2\/types\/page"}],"author":[{"embeddable":true,"href":"https:\/\/www.old.jprconsulting.fi\/old\/wp-json\/wp\/v2\/users\/1"}],"replies":[{"embeddable":true,"href":"https:\/\/www.old.jprconsulting.fi\/old\/wp-json\/wp\/v2\/comments?post=733"}],"version-history":[{"count":8,"href":"https:\/\/www.old.jprconsulting.fi\/old\/wp-json\/wp\/v2\/pages\/733\/revisions"}],"predecessor-version":[{"id":1064,"href":"https:\/\/www.old.jprconsulting.fi\/old\/wp-json\/wp\/v2\/pages\/733\/revisions\/1064"}],"wp:attachment":[{"href":"https:\/\/www.old.jprconsulting.fi\/old\/wp-json\/wp\/v2\/media?parent=733"}],"curies":[{"name":"wp","href":"https:\/\/api.w.org\/{rel}","templated":true}]}}