{"id":734,"date":"2023-04-19T13:55:01","date_gmt":"2023-04-19T11:55:01","guid":{"rendered":"https:\/\/www.old.jprconsulting.fi\/old\/?page_id=734"},"modified":"2023-04-23T17:58:27","modified_gmt":"2023-04-23T15:58:27","slug":"visio-projektista-1","status":"publish","type":"page","link":"https:\/\/www.old.jprconsulting.fi\/old\/visio-projektista-1\/","title":{"rendered":"Visio projektista Trifecta"},"content":{"rendered":"\n<div class=\"wp-block-uagb-container uagb-block-b8b85fe2 alignfull uagb-is-root-container\"><\/div>\n\n\n\n<div class=\"wp-block-uagb-container uagb-block-e8622488 alignfull uagb-is-root-container\"><div class=\"uagb-container-inner-blocks-wrap\">\n<div class=\"wp-block-columns alignwide are-vertically-aligned-top has-black-background-color has-background is-layout-flex wp-container-core-columns-is-layout-1 wp-block-columns-is-layout-flex\">\n<div class=\"wp-block-column is-vertically-aligned-top is-layout-flow wp-block-column-is-layout-flow\" style=\"flex-basis:33.33%\">\n<h5 class=\"wp-block-heading has-text-color\" style=\"color:#ffffff\">&#8221;Project trifecta&#8221;<\/h5>\n\n\n\n<h2 class=\"wp-block-heading has-text-color\" style=\"color:#ffffff\">Visio projektista<\/h2>\n<\/div>\n\n\n\n<div class=\"wp-block-column is-vertically-aligned-top is-layout-flow wp-block-column-is-layout-flow\" style=\"flex-basis:66.66%\">\n<h3 class=\"wp-block-heading has-text-color\" style=\"color:#ffffff\">Projektin kolme muuttujaa<\/h3>\n\n\n\n<p class=\"has-ast-global-color-5-color has-text-color has-medium-font-size\"><em>Projektin toimituslaajuus, kustannukset ja aikataulu muodostavat projektin  kolminaisuuden.<\/em><\/p>\n\n\n\n<p class=\"has-text-color has-medium-font-size\" style=\"color:#ffffff\">Edell\u00e4 olevista muutoksessa vain kaksi on vakiota, kolmas on aina muuttuja.<\/p>\n\n\n\n<p class=\"has-ast-global-color-5-color has-text-color has-medium-font-size\">Toimituslaajuus ja aikataulu pit\u00e4v\u00e4t, mutta kustannukset muuttuvat (kasvavat).<\/p>\n\n\n\n<p class=\"has-ast-global-color-5-color has-text-color has-medium-font-size\">Toimituslaajuus ja kustannukset pit\u00e4v\u00e4t, mutta aikataulu muuttuu (pitkittyy).<\/p>\n\n\n\n<p class=\"has-ast-global-color-5-color has-text-color has-medium-font-size\">Kustannukset ja aikataulu pit\u00e4v\u00e4t, mutta toimituslaajuus muuttuu (pienenee).<\/p>\n<\/div>\n<\/div>\n<\/div><\/div>\n","protected":false},"excerpt":{"rendered":"<p>&#8221;Project trifecta&#8221; Visio projektista Projektin kolme muuttujaa Projektin toimituslaajuus, kustannukset ja aikataulu muodostavat projektin kolminaisuuden. Edell\u00e4 olevista muutoksessa vain kaksi on vakiota, kolmas on aina muuttuja. Toimituslaajuus ja aikataulu pit\u00e4v\u00e4t, mutta kustannukset muuttuvat (kasvavat). Toimituslaajuus ja kustannukset pit\u00e4v\u00e4t, mutta aikataulu muuttuu (pitkittyy). Kustannukset ja aikataulu pit\u00e4v\u00e4t, mutta toimituslaajuus muuttuu (pienenee).<\/p>\n","protected":false},"author":1,"featured_media":0,"parent":0,"menu_order":0,"comment_status":"closed","ping_status":"closed","template":"","meta":{"_uag_custom_page_level_css":"","site-sidebar-layout":"default","site-content-layout":"","ast-site-content-layout":"default","site-content-style":"default","site-sidebar-style":"default","ast-global-header-display":"","ast-banner-title-visibility":"","ast-main-header-display":"","ast-hfb-above-header-display":"","ast-hfb-below-header-display":"","ast-hfb-mobile-header-display":"","site-post-title":"disabled","ast-breadcrumbs-content":"","ast-featured-img":"","footer-sml-layout":"","ast-disable-related-posts":"","theme-transparent-header-meta":"","adv-header-id-meta":"","stick-header-meta":"","header-above-stick-meta":"","header-main-stick-meta":"","header-below-stick-meta":"","astra-migrate-meta-layouts":"default","ast-page-background-enabled":"default","ast-page-background-meta":{"desktop":{"background-color":"var(--ast-global-color-4)","background-image":"","background-repeat":"repeat","background-position":"center center","background-size":"auto","background-attachment":"scroll","background-type":"","background-media":"","overlay-type":"","overlay-color":"","overlay-opacity":"","overlay-gradient":""},"tablet":{"background-color":"","background-image":"","background-repeat":"repeat","background-position":"center center","background-size":"auto","background-attachment":"scroll","background-type":"","background-media":"","overlay-type":"","overlay-color":"","overlay-opacity":"","overlay-gradient":""},"mobile":{"background-color":"","background-image":"","background-repeat":"repeat","background-position":"center center","background-size":"auto","background-attachment":"scroll","background-type":"","background-media":"","overlay-type":"","overlay-color":"","overlay-opacity":"","overlay-gradient":""}},"ast-content-background-meta":{"desktop":{"background-color":"var(--ast-global-color-5)","background-image":"","background-repeat":"repeat","background-position":"center center","background-size":"auto","background-attachment":"scroll","background-type":"","background-media":"","overlay-type":"","overlay-color":"","overlay-opacity":"","overlay-gradient":""},"tablet":{"background-color":"var(--ast-global-color-5)","background-image":"","background-repeat":"repeat","background-position":"center center","background-size":"auto","background-attachment":"scroll","background-type":"","background-media":"","overlay-type":"","overlay-color":"","overlay-opacity":"","overlay-gradient":""},"mobile":{"background-color":"var(--ast-global-color-5)","background-image":"","background-repeat":"repeat","background-position":"center center","background-size":"auto","background-attachment":"scroll","background-type":"","background-media":"","overlay-type":"","overlay-color":"","overlay-opacity":"","overlay-gradient":""}},"footnotes":""},"class_list":["post-734","page","type-page","status-publish","hentry"],"uagb_featured_image_src":{"full":false,"thumbnail":false,"medium":false,"medium_large":false,"large":false,"1536x1536":false,"2048x2048":false},"uagb_author_info":{"display_name":"admin","author_link":"https:\/\/www.old.jprconsulting.fi\/old\/author\/admin\/"},"uagb_comment_info":0,"uagb_excerpt":"&#8221;Project trifecta&#8221; Visio projektista Projektin kolme muuttujaa Projektin toimituslaajuus, kustannukset ja aikataulu muodostavat projektin kolminaisuuden. Edell\u00e4 olevista muutoksessa vain kaksi on vakiota, kolmas on aina muuttuja. Toimituslaajuus ja aikataulu pit\u00e4v\u00e4t, mutta kustannukset muuttuvat (kasvavat). Toimituslaajuus ja kustannukset pit\u00e4v\u00e4t, mutta aikataulu muuttuu (pitkittyy). Kustannukset ja aikataulu pit\u00e4v\u00e4t, mutta toimituslaajuus muuttuu (pienenee).","_links":{"self":[{"href":"https:\/\/www.old.jprconsulting.fi\/old\/wp-json\/wp\/v2\/pages\/734","targetHints":{"allow":["GET"]}}],"collection":[{"href":"https:\/\/www.old.jprconsulting.fi\/old\/wp-json\/wp\/v2\/pages"}],"about":[{"href":"https:\/\/www.old.jprconsulting.fi\/old\/wp-json\/wp\/v2\/types\/page"}],"author":[{"embeddable":true,"href":"https:\/\/www.old.jprconsulting.fi\/old\/wp-json\/wp\/v2\/users\/1"}],"replies":[{"embeddable":true,"href":"https:\/\/www.old.jprconsulting.fi\/old\/wp-json\/wp\/v2\/comments?post=734"}],"version-history":[{"count":51,"href":"https:\/\/www.old.jprconsulting.fi\/old\/wp-json\/wp\/v2\/pages\/734\/revisions"}],"predecessor-version":[{"id":1108,"href":"https:\/\/www.old.jprconsulting.fi\/old\/wp-json\/wp\/v2\/pages\/734\/revisions\/1108"}],"wp:attachment":[{"href":"https:\/\/www.old.jprconsulting.fi\/old\/wp-json\/wp\/v2\/media?parent=734"}],"curies":[{"name":"wp","href":"https:\/\/api.w.org\/{rel}","templated":true}]}}