{"id":735,"date":"2023-04-19T13:55:27","date_gmt":"2023-04-19T11:55:27","guid":{"rendered":"https:\/\/www.old.jprconsulting.fi\/old\/?page_id=735"},"modified":"2023-04-23T16:56:25","modified_gmt":"2023-04-23T14:56:25","slug":"visio-projektista-2","status":"publish","type":"page","link":"https:\/\/www.old.jprconsulting.fi\/old\/visio-projektista-2\/","title":{"rendered":"Visio projektista Ostaja"},"content":{"rendered":"\n<div class=\"wp-block-uagb-container uagb-block-59458e09 alignfull uagb-is-root-container\"><div class=\"uagb-container-inner-blocks-wrap\"><\/div><\/div>\n\n\n\n<div class=\"inherit-container-width wp-block-group alignfull has-background is-layout-constrained wp-block-group-is-layout-constrained\" style=\"background-color:#171717\">\n<div class=\"wp-block-columns alignwide are-vertically-aligned-top is-layout-flex wp-container-core-columns-is-layout-1 wp-block-columns-is-layout-flex\">\n<div class=\"wp-block-column is-vertically-aligned-top is-layout-flow wp-block-column-is-layout-flow\" style=\"flex-basis:33.33%\">\n<h5 class=\"wp-block-heading has-text-color\" style=\"color:#ffffff\">Ostajan t\u00e4ytyy tiet\u00e4\u00e4 mit\u00e4 ostaa<\/h5>\n\n\n\n<h2 class=\"wp-block-heading has-text-color\" style=\"color:#ffffff\">Visio projektista<\/h2>\n<\/div>\n\n\n\n<div class=\"wp-block-column is-vertically-aligned-top is-layout-flow wp-block-column-is-layout-flow\" style=\"flex-basis:66.66%\">\n<h3 class=\"wp-block-heading has-text-color\" style=\"color:#ffffff;font-size:28px\">&#8221;Sen saa mit\u00e4 pyyt\u00e4\u00e4&#8221; &#8211; Mets\u00e4st\u00e4j\u00e4-lehti<\/h3>\n\n\n\n<p class=\"has-ast-global-color-5-color has-text-color has-medium-font-size\"><em>Ep\u00e4selv\u00e4t tavoitteet luovat lis\u00e4kustannuksia ja projekteille ep\u00e4varmuutta.<\/em><\/p>\n\n\n\n<p class=\"has-text-color has-medium-font-size\" style=\"color:#ffffff;line-height:1.5\">Projektille t\u00e4ytyy m\u00e4\u00e4ritt\u00e4\u00e4 selke\u00e4 tavoite eli minimi toimituslaajuus mill\u00e4 asiakas kokee saaneensa rahalleen vastinetta, sek\u00e4 aikataulu joka on perussuorituksella saavutettavissa. Jotta projektin venyminen voidaan est\u00e4\u00e4 tai tuoda esiin, voidaan projektille asettaa v\u00e4litavoitteita joiden saavuttaminen ja mahdolliset toimituslaajuuden muutokset saadaan n\u00e4kyviksi. <\/p>\n\n\n\n<p class=\"has-ast-global-color-5-color has-text-color has-medium-font-size\" style=\"line-height:1.5\">Autamme asiakkaita projektien m\u00e4\u00e4rityksess\u00e4 ja kyselyaineistojen rakentamisessa.  Projektien sopimukset luovat projektin toteutukselle pohjan. Mit\u00e4 yksiselitteisemm\u00e4ksi sopimukset luodaan, sit\u00e4 varmemmin asiakas saa sen mit\u00e4 tilaa ja mahdolliset muutokset osataan luokitella joko sopimukseen sis\u00e4ltyviksi tai lis\u00e4t\u00f6iksi. <\/p>\n<\/div>\n<\/div>\n<\/div>\n","protected":false},"excerpt":{"rendered":"<p>Ostajan t\u00e4ytyy tiet\u00e4\u00e4 mit\u00e4 ostaa Visio projektista &#8221;Sen saa mit\u00e4 pyyt\u00e4\u00e4&#8221; &#8211; Mets\u00e4st\u00e4j\u00e4-lehti Ep\u00e4selv\u00e4t tavoitteet luovat lis\u00e4kustannuksia ja projekteille ep\u00e4varmuutta. Projektille t\u00e4ytyy m\u00e4\u00e4ritt\u00e4\u00e4 selke\u00e4 tavoite eli minimi toimituslaajuus mill\u00e4 asiakas kokee saaneensa rahalleen vastinetta, sek\u00e4 aikataulu joka on perussuorituksella saavutettavissa. Jotta projektin venyminen voidaan est\u00e4\u00e4 tai tuoda esiin, voidaan projektille asettaa v\u00e4litavoitteita joiden saavuttaminen ja [&hellip;]<\/p>\n","protected":false},"author":1,"featured_media":0,"parent":0,"menu_order":0,"comment_status":"closed","ping_status":"closed","template":"","meta":{"_uag_custom_page_level_css":"","site-sidebar-layout":"default","site-content-layout":"","ast-site-content-layout":"default","site-content-style":"default","site-sidebar-style":"default","ast-global-header-display":"","ast-banner-title-visibility":"","ast-main-header-display":"","ast-hfb-above-header-display":"","ast-hfb-below-header-display":"","ast-hfb-mobile-header-display":"","site-post-title":"disabled","ast-breadcrumbs-content":"","ast-featured-img":"","footer-sml-layout":"","ast-disable-related-posts":"","theme-transparent-header-meta":"","adv-header-id-meta":"","stick-header-meta":"","header-above-stick-meta":"","header-main-stick-meta":"","header-below-stick-meta":"","astra-migrate-meta-layouts":"default","ast-page-background-enabled":"default","ast-page-background-meta":{"desktop":{"background-color":"var(--ast-global-color-4)","background-image":"","background-repeat":"repeat","background-position":"center center","background-size":"auto","background-attachment":"scroll","background-type":"","background-media":"","overlay-type":"","overlay-color":"","overlay-opacity":"","overlay-gradient":""},"tablet":{"background-color":"","background-image":"","background-repeat":"repeat","background-position":"center center","background-size":"auto","background-attachment":"scroll","background-type":"","background-media":"","overlay-type":"","overlay-color":"","overlay-opacity":"","overlay-gradient":""},"mobile":{"background-color":"","background-image":"","background-repeat":"repeat","background-position":"center center","background-size":"auto","background-attachment":"scroll","background-type":"","background-media":"","overlay-type":"","overlay-color":"","overlay-opacity":"","overlay-gradient":""}},"ast-content-background-meta":{"desktop":{"background-color":"var(--ast-global-color-5)","background-image":"","background-repeat":"repeat","background-position":"center center","background-size":"auto","background-attachment":"scroll","background-type":"","background-media":"","overlay-type":"","overlay-color":"","overlay-opacity":"","overlay-gradient":""},"tablet":{"background-color":"var(--ast-global-color-5)","background-image":"","background-repeat":"repeat","background-position":"center center","background-size":"auto","background-attachment":"scroll","background-type":"","background-media":"","overlay-type":"","overlay-color":"","overlay-opacity":"","overlay-gradient":""},"mobile":{"background-color":"var(--ast-global-color-5)","background-image":"","background-repeat":"repeat","background-position":"center center","background-size":"auto","background-attachment":"scroll","background-type":"","background-media":"","overlay-type":"","overlay-color":"","overlay-opacity":"","overlay-gradient":""}},"footnotes":""},"class_list":["post-735","page","type-page","status-publish","hentry"],"uagb_featured_image_src":{"full":false,"thumbnail":false,"medium":false,"medium_large":false,"large":false,"1536x1536":false,"2048x2048":false},"uagb_author_info":{"display_name":"admin","author_link":"https:\/\/www.old.jprconsulting.fi\/old\/author\/admin\/"},"uagb_comment_info":0,"uagb_excerpt":"Ostajan t\u00e4ytyy tiet\u00e4\u00e4 mit\u00e4 ostaa Visio projektista &#8221;Sen saa mit\u00e4 pyyt\u00e4\u00e4&#8221; &#8211; Mets\u00e4st\u00e4j\u00e4-lehti Ep\u00e4selv\u00e4t tavoitteet luovat lis\u00e4kustannuksia ja projekteille ep\u00e4varmuutta. Projektille t\u00e4ytyy m\u00e4\u00e4ritt\u00e4\u00e4 selke\u00e4 tavoite eli minimi toimituslaajuus mill\u00e4 asiakas kokee saaneensa rahalleen vastinetta, sek\u00e4 aikataulu joka on perussuorituksella saavutettavissa. Jotta projektin venyminen voidaan est\u00e4\u00e4 tai tuoda esiin, voidaan projektille asettaa v\u00e4litavoitteita joiden saavuttaminen ja&hellip;","_links":{"self":[{"href":"https:\/\/www.old.jprconsulting.fi\/old\/wp-json\/wp\/v2\/pages\/735","targetHints":{"allow":["GET"]}}],"collection":[{"href":"https:\/\/www.old.jprconsulting.fi\/old\/wp-json\/wp\/v2\/pages"}],"about":[{"href":"https:\/\/www.old.jprconsulting.fi\/old\/wp-json\/wp\/v2\/types\/page"}],"author":[{"embeddable":true,"href":"https:\/\/www.old.jprconsulting.fi\/old\/wp-json\/wp\/v2\/users\/1"}],"replies":[{"embeddable":true,"href":"https:\/\/www.old.jprconsulting.fi\/old\/wp-json\/wp\/v2\/comments?post=735"}],"version-history":[{"count":10,"href":"https:\/\/www.old.jprconsulting.fi\/old\/wp-json\/wp\/v2\/pages\/735\/revisions"}],"predecessor-version":[{"id":1057,"href":"https:\/\/www.old.jprconsulting.fi\/old\/wp-json\/wp\/v2\/pages\/735\/revisions\/1057"}],"wp:attachment":[{"href":"https:\/\/www.old.jprconsulting.fi\/old\/wp-json\/wp\/v2\/media?parent=735"}],"curies":[{"name":"wp","href":"https:\/\/api.w.org\/{rel}","templated":true}]}}