{"id":836,"date":"2023-04-20T19:00:15","date_gmt":"2023-04-20T17:00:15","guid":{"rendered":"https:\/\/www.old.jprconsulting.fi\/old\/?page_id=836"},"modified":"2023-04-23T17:05:57","modified_gmt":"2023-04-23T15:05:57","slug":"visio-projektista-4","status":"publish","type":"page","link":"https:\/\/www.old.jprconsulting.fi\/old\/visio-projektista-4\/","title":{"rendered":"Visio projektista Haaste"},"content":{"rendered":"\n<div class=\"wp-block-uagb-container uagb-block-124a6445 alignfull uagb-is-root-container\">\n<div class=\"wp-block-uagb-container uagb-block-f525d2ad\">\n<div class=\"wp-block-uagb-advanced-heading uagb-block-33ce4e81\"><h2 class=\"uagb-heading-text\">Visio Projektista<\/h2><\/div>\n<\/div>\n<\/div>\n\n\n\n<div class=\"inherit-container-width wp-block-group alignfull has-ast-global-color-2-color has-ast-global-color-5-background-color has-text-color has-background is-layout-constrained wp-block-group-is-layout-constrained\">\n<div class=\"wp-block-columns alignwide are-vertically-aligned-top is-layout-flex wp-container-core-columns-is-layout-1 wp-block-columns-is-layout-flex\">\n<div class=\"wp-block-column is-vertically-aligned-top has-ast-global-color-2-color has-text-color is-layout-flow wp-block-column-is-layout-flow\" style=\"flex-basis:33.33%\">\n<h5 class=\"wp-block-heading has-ast-global-color-2-color has-text-color\"><strong>Projektit itsess\u00e4\u00e4n ovat haastavia<\/strong><\/h5>\n\n\n\n<h2 class=\"wp-block-heading has-ast-global-color-2-color has-text-color\">Visio projektista<\/h2>\n<\/div>\n\n\n\n<div class=\"wp-block-column is-vertically-aligned-top has-ast-global-color-2-color has-text-color is-layout-flow wp-block-column-is-layout-flow\" style=\"flex-basis:66.66%\">\n<h3 class=\"wp-block-heading has-ast-global-color-3-color has-text-color\">Projektit vied\u00e4\u00e4n l\u00e4pi yhdess\u00e4.<\/h3>\n\n\n\n<p class=\"has-ast-global-color-3-color has-text-color has-medium-font-size\"><em>Haasta itsesi, haasta muut.<\/em><\/p>\n\n\n\n<p class=\"has-ast-global-color-3-color has-text-color has-medium-font-size\" style=\"line-height:1.5\">Jokaiselle projektille luodaan riskiarviot sek\u00e4 riskienhallintasuunnitelmat.. Toimitusaikaan liittyv\u00e4t riskit ovat usein kriittisi\u00e4 projektille, projektin takaisinmaksu on sidottuna asiakkaalle syntyv\u00e4\u00e4n taloudelliseen hy\u00f6tyyn ja sen aloitusajankohtaan. Projektiymp\u00e4rist\u00f6n muutoksissa syntyy usein tarve tehd\u00e4 enemm\u00e4n samassa ajassa. T\u00e4m\u00e4 projektiryhm\u00e4lle syntyv\u00e4 lis\u00e4kuorma on hyv\u00e4 pit\u00e4\u00e4 lyhytkestoisena, teholis\u00e4 on hetkellist\u00e4. Lis\u00e4resurssit auttavat.<\/p>\n\n\n\n<p class=\"has-ast-global-color-3-color has-text-color has-medium-font-size\" style=\"line-height:1.5\">Siihen kuinka nopeasti hy\u00f6ty pystyt\u00e4\u00e4n muuttamaan taloudelliseksi takaisinmaksuksi kannattaa keskitty\u00e4. Selke\u00e4 tavoite, eli minimi toimituslaajuus mill\u00e4 asiakas kokee saaneensa rahalleen vastinetta, sek\u00e4 aikataulu joka on perussuorituksella saavutettavissa, auttavat asiakkaan taloudellisten tavoitteiden saavuttamista. Jotta projektin venyminen voidaan est\u00e4\u00e4 tai tuoda esiin, voidaan projektille asettaa v\u00e4litavoitteita joiden saavuttaminen ja mahdolliset toimituslaajuuden muutokset saadaan n\u00e4kyviksi. <\/p>\n\n\n\n<p class=\"has-ast-global-color-2-color has-text-color has-medium-font-size\" style=\"line-height:1.5\">Autamme asiakkaita projektien m\u00e4\u00e4rityksess\u00e4 ja kyselyaineistojen rakentamisessa.  Projektien sopimukset luovat projektin toteutukselle pohjan. Mit\u00e4 yksiselitteisemm\u00e4ksi sopimukset luodaan, sit\u00e4 varmemmin asiakas saa sen mit\u00e4 tilaa ja mahdolliset muutokset osataan luokitella joko sopimukseen sis\u00e4ltyviksi tai lis\u00e4t\u00f6iksi. <\/p>\n<\/div>\n<\/div>\n<\/div>\n","protected":false},"excerpt":{"rendered":"<p>Visio Projektista Projektit itsess\u00e4\u00e4n ovat haastavia Visio projektista Projektit vied\u00e4\u00e4n l\u00e4pi yhdess\u00e4. Haasta itsesi, haasta muut. Jokaiselle projektille luodaan riskiarviot sek\u00e4 riskienhallintasuunnitelmat.. Toimitusaikaan liittyv\u00e4t riskit ovat usein kriittisi\u00e4 projektille, projektin takaisinmaksu on sidottuna asiakkaalle syntyv\u00e4\u00e4n taloudelliseen hy\u00f6tyyn ja sen aloitusajankohtaan. Projektiymp\u00e4rist\u00f6n muutoksissa syntyy usein tarve tehd\u00e4 enemm\u00e4n samassa ajassa. T\u00e4m\u00e4 projektiryhm\u00e4lle syntyv\u00e4 lis\u00e4kuorma on hyv\u00e4 [&hellip;]<\/p>\n","protected":false},"author":1,"featured_media":0,"parent":0,"menu_order":0,"comment_status":"closed","ping_status":"closed","template":"","meta":{"_uag_custom_page_level_css":"","site-sidebar-layout":"default","site-content-layout":"","ast-site-content-layout":"default","site-content-style":"default","site-sidebar-style":"default","ast-global-header-display":"","ast-banner-title-visibility":"","ast-main-header-display":"","ast-hfb-above-header-display":"","ast-hfb-below-header-display":"","ast-hfb-mobile-header-display":"","site-post-title":"disabled","ast-breadcrumbs-content":"","ast-featured-img":"","footer-sml-layout":"","ast-disable-related-posts":"","theme-transparent-header-meta":"","adv-header-id-meta":"","stick-header-meta":"","header-above-stick-meta":"","header-main-stick-meta":"","header-below-stick-meta":"","astra-migrate-meta-layouts":"default","ast-page-background-enabled":"default","ast-page-background-meta":{"desktop":{"background-color":"var(--ast-global-color-4)","background-image":"","background-repeat":"repeat","background-position":"center center","background-size":"auto","background-attachment":"scroll","background-type":"","background-media":"","overlay-type":"","overlay-color":"","overlay-opacity":"","overlay-gradient":""},"tablet":{"background-color":"","background-image":"","background-repeat":"repeat","background-position":"center center","background-size":"auto","background-attachment":"scroll","background-type":"","background-media":"","overlay-type":"","overlay-color":"","overlay-opacity":"","overlay-gradient":""},"mobile":{"background-color":"","background-image":"","background-repeat":"repeat","background-position":"center center","background-size":"auto","background-attachment":"scroll","background-type":"","background-media":"","overlay-type":"","overlay-color":"","overlay-opacity":"","overlay-gradient":""}},"ast-content-background-meta":{"desktop":{"background-color":"var(--ast-global-color-5)","background-image":"","background-repeat":"repeat","background-position":"center center","background-size":"auto","background-attachment":"scroll","background-type":"","background-media":"","overlay-type":"","overlay-color":"","overlay-opacity":"","overlay-gradient":""},"tablet":{"background-color":"var(--ast-global-color-5)","background-image":"","background-repeat":"repeat","background-position":"center center","background-size":"auto","background-attachment":"scroll","background-type":"","background-media":"","overlay-type":"","overlay-color":"","overlay-opacity":"","overlay-gradient":""},"mobile":{"background-color":"var(--ast-global-color-5)","background-image":"","background-repeat":"repeat","background-position":"center center","background-size":"auto","background-attachment":"scroll","background-type":"","background-media":"","overlay-type":"","overlay-color":"","overlay-opacity":"","overlay-gradient":""}},"footnotes":""},"class_list":["post-836","page","type-page","status-publish","hentry"],"uagb_featured_image_src":{"full":false,"thumbnail":false,"medium":false,"medium_large":false,"large":false,"1536x1536":false,"2048x2048":false},"uagb_author_info":{"display_name":"admin","author_link":"https:\/\/www.old.jprconsulting.fi\/old\/author\/admin\/"},"uagb_comment_info":0,"uagb_excerpt":"Visio Projektista Projektit itsess\u00e4\u00e4n ovat haastavia Visio projektista Projektit vied\u00e4\u00e4n l\u00e4pi yhdess\u00e4. Haasta itsesi, haasta muut. Jokaiselle projektille luodaan riskiarviot sek\u00e4 riskienhallintasuunnitelmat.. Toimitusaikaan liittyv\u00e4t riskit ovat usein kriittisi\u00e4 projektille, projektin takaisinmaksu on sidottuna asiakkaalle syntyv\u00e4\u00e4n taloudelliseen hy\u00f6tyyn ja sen aloitusajankohtaan. Projektiymp\u00e4rist\u00f6n muutoksissa syntyy usein tarve tehd\u00e4 enemm\u00e4n samassa ajassa. T\u00e4m\u00e4 projektiryhm\u00e4lle syntyv\u00e4 lis\u00e4kuorma on hyv\u00e4&hellip;","_links":{"self":[{"href":"https:\/\/www.old.jprconsulting.fi\/old\/wp-json\/wp\/v2\/pages\/836","targetHints":{"allow":["GET"]}}],"collection":[{"href":"https:\/\/www.old.jprconsulting.fi\/old\/wp-json\/wp\/v2\/pages"}],"about":[{"href":"https:\/\/www.old.jprconsulting.fi\/old\/wp-json\/wp\/v2\/types\/page"}],"author":[{"embeddable":true,"href":"https:\/\/www.old.jprconsulting.fi\/old\/wp-json\/wp\/v2\/users\/1"}],"replies":[{"embeddable":true,"href":"https:\/\/www.old.jprconsulting.fi\/old\/wp-json\/wp\/v2\/comments?post=836"}],"version-history":[{"count":12,"href":"https:\/\/www.old.jprconsulting.fi\/old\/wp-json\/wp\/v2\/pages\/836\/revisions"}],"predecessor-version":[{"id":1060,"href":"https:\/\/www.old.jprconsulting.fi\/old\/wp-json\/wp\/v2\/pages\/836\/revisions\/1060"}],"wp:attachment":[{"href":"https:\/\/www.old.jprconsulting.fi\/old\/wp-json\/wp\/v2\/media?parent=836"}],"curies":[{"name":"wp","href":"https:\/\/api.w.org\/{rel}","templated":true}]}}